{"id":2,"date":"2023-04-27T17:24:04","date_gmt":"2023-04-27T20:24:04","guid":{"rendered":"https:\/\/blog-pv.builderallwppro.com\/?page_id=2"},"modified":"2023-05-16T12:45:51","modified_gmt":"2023-05-16T15:45:51","slug":"index","status":"publish","type":"page","link":"https:\/\/proleads.protecaoveicular.me\/","title":{"rendered":"index"},"content":{"rendered":"\n\n\t\t\t\t    <img width=\"2000\" height=\"2000\" class=\"ba-cheetah-photo-img wp-image-10\"\n\t\t\t\tsrc=\"https:\/\/blog-pv.builderallwppro.com\/wp-content\/uploads\/2023\/05\/logo-com-fundo.png\"\n\t\t\t\talt=\"\"\n\t\t\t\t\t\t\t\titemprop=\"image\" \n\t\t\t\tonerror=\"this.style.display='none'\" srcset=\"https:\/\/proleads.protecaoveicular.me\/wp-content\/uploads\/2023\/05\/logo-com-fundo.png 2000w, https:\/\/proleads.protecaoveicular.me\/wp-content\/uploads\/2023\/05\/logo-com-fundo-300x300.png 300w, https:\/\/proleads.protecaoveicular.me\/wp-content\/uploads\/2023\/05\/logo-com-fundo-1024x1024.png 1024w, https:\/\/proleads.protecaoveicular.me\/wp-content\/uploads\/2023\/05\/logo-com-fundo-150x150.png 150w, https:\/\/proleads.protecaoveicular.me\/wp-content\/uploads\/2023\/05\/logo-com-fundo-768x768.png 768w, https:\/\/proleads.protecaoveicular.me\/wp-content\/uploads\/2023\/05\/logo-com-fundo-1536x1536.png 1536w, https:\/\/proleads.protecaoveicular.me\/wp-content\/uploads\/2023\/05\/logo-com-fundo-1568x1568.png 1568w\" sizes=\"(max-width: 2000px) 100vw, 2000px\" \/>\n\t<!-- submit (eg. mailingboss) --> \n\t\t\t<a\t\t\thref=\"https:\/\/app.agenciaproleads.com.br\/\"\n\t\t\t\t\t\ttarget=\"_blank\"\n\t\t\tclass=\"button__button\"\n\t\t\trole=\"button\"\n\t\t\t rel=\"noopener\">\n\t<!-- content -->\n\t<!-- icon before -->\n\t<!-- text -->\n\t\t\t\t\tAcesso Consultor\n\t<!-- icon after -->\n\t<\/a>\n\t<!-- submit (eg. mailingboss) --> \n\t\t\t<a\t\t\thref=\"https:\/\/app.agenciaproleads.com.br\/login_cadastro_vistoriador\"\n\t\t\t\t\t\ttarget=\"_blank\"\n\t\t\tclass=\"button__button\"\n\t\t\trole=\"button\"\n\t\t\t rel=\"noopener\">\n\t<!-- content -->\n\t<!-- icon before -->\n\t<!-- text -->\n\t\t\t\t\tAcesso Vistoriador\n\t<!-- icon after -->\n\t<\/a>\n<h1>\n\t\tPrecisa de Leads de Prote\u00e7\u00e3o Veicular\t\n<\/h1>\n\t<p>Leads exclusivos e qualificados no segmento de prote\u00e7\u00e3o veicular<\/p>\n\t<!-- submit (eg. mailingboss) --> \n\t\t\t<a\t\t\thref=\"https:\/\/app.agenciaproleads.com.br\/\"\n\t\t\t\t\t\ttarget=\"_blank\"\n\t\t\tclass=\"button__button\"\n\t\t\trole=\"button\"\n\t\t\t rel=\"noopener\">\n\t<!-- content -->\n\t<!-- icon before -->\n\t<!-- text -->\n\t\t\t\t\tCadastro Consultor\n\t<!-- icon after -->\n\t<\/a>\n\t\t\t\t    <img class=\"ba-cheetah-photo-img wp-image-42 size-full\"\n\t\t\t\tsrc=\"https:\/\/proleads.protecaoveicular.me\/wp-content\/uploads\/2023\/05\/mcouppapp.png\"\n\t\t\t\talt=\"\"\n\t\t\t\t\t\t\t\titemprop=\"image\" \n\t\t\t\theight=\"1080\" width=\"1920\" onerror=\"this.style.display='none'\" srcset=\"https:\/\/proleads.protecaoveicular.me\/wp-content\/uploads\/2023\/05\/mcouppapp.png 1920w, https:\/\/proleads.protecaoveicular.me\/wp-content\/uploads\/2023\/05\/mcouppapp-300x169.png 300w, https:\/\/proleads.protecaoveicular.me\/wp-content\/uploads\/2023\/05\/mcouppapp-1024x576.png 1024w, https:\/\/proleads.protecaoveicular.me\/wp-content\/uploads\/2023\/05\/mcouppapp-768x432.png 768w, https:\/\/proleads.protecaoveicular.me\/wp-content\/uploads\/2023\/05\/mcouppapp-1536x864.png 1536w, https:\/\/proleads.protecaoveicular.me\/wp-content\/uploads\/2023\/05\/mcouppapp-1568x882.png 1568w\" sizes=\"(max-width: 1920px) 100vw, 1920px\" \/>\n<h2>\n\t\tMais de 100 mil leads captados\t\n<\/h2>\n\t\t\t\t    <img class=\"ba-cheetah-photo-img wp-image-1392 size-full\"\n\t\t\t\tsrc=\"https:\/\/cheetahwp.builderall.com\/wp-content\/uploads\/2021\/07\/001-3.png\"\n\t\t\t\talt=\"\"\n\t\t\t\t\t\t\t\titemprop=\"image\" \n\t\t\t\theight=\"90\" width=\"93\" onerror=\"this.style.display='none'\"  \/>\n<h1>\n\t\tAgilidade\t\n<\/h1>\n\t<p>Leads\u00a0captados\u00a0e imediatamente disponibilizados na plataforma.<\/p>\n\t\t\t\t    <img class=\"ba-cheetah-photo-img wp-image-1393 size-full\"\n\t\t\t\tsrc=\"https:\/\/cheetahwp.builderall.com\/wp-content\/uploads\/2021\/07\/002-3.png\"\n\t\t\t\talt=\"\"\n\t\t\t\t\t\t\t\titemprop=\"image\" \n\t\t\t\theight=\"70\" width=\"86\" onerror=\"this.style.display='none'\"  \/>\n<h1>\n\t\tExclusividade\t\n<\/h1>\n\t<p>Leads exclusivos, ap\u00f3s a compra somente voc\u00ea tem acesso as informa\u00e7\u00f5es do lead.<\/p>\n\t\t\t\t    <img class=\"ba-cheetah-photo-img wp-image-1394 size-full\"\n\t\t\t\tsrc=\"https:\/\/cheetahwp.builderall.com\/wp-content\/uploads\/2021\/07\/003-2.png\"\n\t\t\t\talt=\"\"\n\t\t\t\t\t\t\t\titemprop=\"image\" \n\t\t\t\theight=\"74\" width=\"89\" onerror=\"this.style.display='none'\"  \/>\n<h1>\n\t\tAssertivadade\t\n<\/h1>\n\t<p>Leads qualificados, que j\u00e1 acompanham informa\u00e7\u00f5es do ve\u00edculo e contato.<\/p>\n\t\t\t\t    <img class=\"ba-cheetah-photo-img wp-image-1399 size-full\"\n\t\t\t\tsrc=\"https:\/\/cheetahwp.builderall.com\/wp-content\/uploads\/2021\/07\/01-7.png\"\n\t\t\t\talt=\"\"\n\t\t\t\t\t\t\t\titemprop=\"image\" \n\t\t\t\theight=\"564\" width=\"376\" onerror=\"this.style.display='none'\"  \/>\n<h2>\n\t\tPlataforma ideal para a aumentar a sua base de associados\t\n<\/h2>\n\t<p><b>A Pro Leads para prote\u00e7\u00e3o\u00a0veicular \u00e9 uma plataforma de capta\u00e7\u00e3o de novos associados .<\/b> Disponibilizamos leads com real interesse de se associar a uma prote\u00e7\u00e3o veicular, este leads ficam dispon\u00edveis para o consultor j\u00e1 com dados do ve\u00edculo e dados de contato. A capta\u00e7\u00e3o dos potenciais associados acontece por meio de sites Gest\u00e3o de tr\u00e1fego pago em v\u00e1rias plataformas do segmento e por meio de agentes de capta\u00e7\u00e3o.<\/p>\n\t<!-- submit (eg. mailingboss) --> \n\t\t\t<a\t\t\thref=\"https:\/\/app.agenciaproleads.com.br\/\"\n\t\t\t\t\t\ttarget=\"_blank\"\n\t\t\tclass=\"button__button\"\n\t\t\trole=\"button\"\n\t\t\t rel=\"noopener\">\n\t<!-- content -->\n\t<!-- icon before -->\n\t<!-- text -->\n\t\t\t\t\tCadastro Consultor\n\t<!-- icon after -->\n\t<\/a>\n<h2>\n\t\tENCONTRE NOVOS ASSOCIADOS COM APENAS ALGUNS CLIQUES\t\n<\/h2>\n\t<p>Como a PRO LEADS para prote\u00e7\u00e3o veicular funciona?<\/p>\n\t\t\t\t    <img class=\"ba-cheetah-photo-img wp-image-1406 size-full\"\n\t\t\t\tsrc=\"https:\/\/cheetahwp.builderall.com\/wp-content\/uploads\/2021\/07\/cursor.png\"\n\t\t\t\talt=\"\"\n\t\t\t\t\t\t\t\titemprop=\"image\" \n\t\t\t\theight=\"55\" width=\"55\" onerror=\"this.style.display='none'\"  \/>\n<h1>\n\t\tUsu\u00e1rios buscam por prote\u00e7\u00e3o veicular\t\n<\/h1>\n\t<p>N\u00f3s captamos dados de clientes interessados em se associar a uma prote\u00e7\u00e3o veicular.<\/p>\n\t\t\t\t    <img class=\"ba-cheetah-photo-img wp-image-1407 size-full\"\n\t\t\t\tsrc=\"https:\/\/cheetahwp.builderall.com\/wp-content\/uploads\/2021\/07\/responsive-copiar-2.png\"\n\t\t\t\talt=\"\"\n\t\t\t\t\t\t\t\titemprop=\"image\" \n\t\t\t\theight=\"55\" width=\"65\" onerror=\"this.style.display='none'\"  \/>\n<h1>\n\t\tVoc\u00ea se cadastra na PRO LEADS\t\n<\/h1>\n\t<p>E escolhe quais leads tem interesse com base nos tipos de ve\u00edculos e nas regi\u00f5es onde voc\u00ea atua.<\/p>\n\t\t\t\t    <img class=\"ba-cheetah-photo-img wp-image-1408 size-full\"\n\t\t\t\tsrc=\"https:\/\/cheetahwp.builderall.com\/wp-content\/uploads\/2021\/07\/secure-icon.png\"\n\t\t\t\talt=\"\"\n\t\t\t\t\t\t\t\titemprop=\"image\" \n\t\t\t\theight=\"55\" width=\"55\" onerror=\"this.style.display='none'\"  \/>\n<h1>\n\t\tAcesso aos imediato\t\n<\/h1>\n\t<p>Voc\u00ea ter\u00e1 acesso aos dados de contato do associado. Em seguida basta entrar em contato e iniciar o atendimento.<\/p>\n<h2>\n\t\tE para voc\u00ea vistoriador um sistema completo para achar novas vistorias.\t\n<\/h2>\n\t<!-- submit (eg. mailingboss) --> \n\t\t\t<a\t\t\thref=\"https:\/\/app.agenciaproleads.com.br\/login_cadastro_vistoriador\"\n\t\t\t\t\t\ttarget=\"_blank\"\n\t\t\tclass=\"button__button\"\n\t\t\trole=\"button\"\n\t\t\t rel=\"noopener\">\n\t<!-- content -->\n\t<!-- icon before -->\n\t<!-- text -->\n\t\t\t\t\tCadastro Vistoriador\n\t<!-- icon after -->\n\t<\/a>\n\n","protected":false},"excerpt":{"rendered":"","protected":false},"author":1,"featured_media":0,"parent":0,"menu_order":0,"comment_status":"closed","ping_status":"closed","template":"ba-cheetah-canvas-template","meta":{"footnotes":""},"class_list":["post-2","page","type-page","status-publish","hentry","entry"],"_links":{"self":[{"href":"https:\/\/proleads.protecaoveicular.me\/index.php?rest_route=\/wp\/v2\/pages\/2","targetHints":{"allow":["GET"]}}],"collection":[{"href":"https:\/\/proleads.protecaoveicular.me\/index.php?rest_route=\/wp\/v2\/pages"}],"about":[{"href":"https:\/\/proleads.protecaoveicular.me\/index.php?rest_route=\/wp\/v2\/types\/page"}],"author":[{"embeddable":true,"href":"https:\/\/proleads.protecaoveicular.me\/index.php?rest_route=\/wp\/v2\/users\/1"}],"replies":[{"embeddable":true,"href":"https:\/\/proleads.protecaoveicular.me\/index.php?rest_route=%2Fwp%2Fv2%2Fcomments&post=2"}],"version-history":[{"count":34,"href":"https:\/\/proleads.protecaoveicular.me\/index.php?rest_route=\/wp\/v2\/pages\/2\/revisions"}],"predecessor-version":[{"id":49,"href":"https:\/\/proleads.protecaoveicular.me\/index.php?rest_route=\/wp\/v2\/pages\/2\/revisions\/49"}],"wp:attachment":[{"href":"https:\/\/proleads.protecaoveicular.me\/index.php?rest_route=%2Fwp%2Fv2%2Fmedia&parent=2"}],"curies":[{"name":"wp","href":"https:\/\/api.w.org\/{rel}","templated":true}]}}